{"id":10522,"date":"2025-09-23T14:01:31","date_gmt":"2025-09-23T14:01:31","guid":{"rendered":"https:\/\/www.edukasoftware.com\/how-to-log-in-to-your-schools-eduka-platform\/"},"modified":"2025-09-24T11:09:26","modified_gmt":"2025-09-24T11:09:26","slug":"comment-se-connecter-a-la-plateforme-eduka-de-votre-ecole","status":"publish","type":"page","link":"https:\/\/www.edukasoftware.com\/fr\/comment-se-connecter-a-la-plateforme-eduka-de-votre-ecole\/","title":{"rendered":"Comment se connecter \u00e0 la plateforme Eduka de votre \u00e9cole"},"content":{"rendered":"\n<p class=\"has-text-align-center rounded has-white-color has-primary-background-color has-text-color has-background has-link-color wp-elements-09266b687df2a089e8d335627a7c8568\"><strong>\u26a0\ufe0f Pour acc\u00e9der \u00e0 la plateforme de votre \u00e9cole, vous aurez besoin de l\u2019URL correcte \u2013 si vous ne l\u2019avez pas, veuillez v\u00e9rifier vos e-mails ou contacter votre \u00e9cole.<br><\/strong><br>Les \u00e9tapes suivantes d\u00e9taillent le processus de cr\u00e9ation de compte sur la plateforme Eduka de votre \u00e9cole, qui est distinct de ce site.<\/p>\n\n\n\n<h2 class=\"wp-block-heading is-style-edk-h-underline\">1. Formulaire de cr\u00e9ation de compte<\/h2>\n\n\n\n<p>Depuis l&rsquo;\u00e9cran d&rsquo;accueil de la plateforme de votre \u00e9cole, cliquez sur le bouton&nbsp;<strong>\u00ab\u00a0Cr\u00e9er un compte\u00a0\u00bb&nbsp;<\/strong>:<\/p>\n\n\n\n<figure class=\"wp-block-image\"><a class=\"opacity-100\" href=\"https:\/\/ccc.edukasoftware.com\/documents\/_images\/14492\/1696822330-image.png\"><img decoding=\"async\" src=\"https:\/\/ccc.edukasoftware.com\/documents\/_images\/14492\/1696822330-image.png\" alt=\"\"\/><\/a><\/figure>\n\n\n\n<p>&nbsp;&nbsp;Veuillez ensuite lire attentivement les instructions et cliquer sur la case correspondant \u00e0 votre situation. Si votre famille n&rsquo;a jamais eu aucun \u00e9l\u00e8ve scolaris\u00e9 ou en cours d&rsquo;inscription \u00e0 l&rsquo;\u00e9cole, veuillez s\u00e9lectionner la troisi\u00e8me option afin d&rsquo;acc\u00e9der au formulaire de cr\u00e9ation de compte:&nbsp;<\/p>\n\n\n\n<figure class=\"wp-block-image\"><a class=\"opacity-100\" href=\"https:\/\/ccc.edukasoftware.com\/documents\/_images\/14492\/1696822384-image.png\"><img decoding=\"async\" src=\"https:\/\/ccc.edukasoftware.com\/documents\/_images\/14492\/1696822384-image.png\" alt=\"\"\/><\/a><\/figure>\n\n\n\n<p>Veuillez ensuite renseigner les informations demand\u00e9es sur le formulaire de cr\u00e9ation de compte, en vous assurant de saisir votre adresse e-mail correctement (un e-mail vous y sera envoy\u00e9 pour valider la cr\u00e9ation de votre compte). Il est conseill\u00e9 de renseigner les informations&nbsp;<strong>d&rsquo;au moins deux responsables d&rsquo;\u00e9l\u00e8ves<\/strong>&nbsp;d\u00e8s l&rsquo;inscription. Dans le cas d&rsquo;une famille monoparentale, il est n\u00e9anmoins possible de ne saisir qu&rsquo;un seul responsable:<\/p>\n\n\n\n<figure class=\"wp-block-image\"><a class=\"opacity-100\" href=\"https:\/\/ccc.edukasoftware.com\/documents\/_images\/14492\/1696822421-image.png\"><img decoding=\"async\" src=\"https:\/\/ccc.edukasoftware.com\/documents\/_images\/14492\/1696822421-image.png\" alt=\"\"\/><\/a><\/figure>\n\n\n\n<p>Lorsque les informations sont remplies, cliquez sur le bouton \u00ab\u00a0<strong>Valider la cr\u00e9ation du compte<\/strong>\u00ab\u00a0. Un message apparait vous invitant \u00e0 activer votre compte.<\/p>\n\n\n\n<h2 class=\"wp-block-heading is-style-edk-h-underline\">2. Activer votre compte<\/h2>\n\n\n\n<p>L&rsquo;activation de votre compte est un processus rapide: \u00e0 l&rsquo;issue de votre inscription, le syst\u00e8me vous envoie un e-mail automatiquement aux adresses e-mail que vous avez saisies:<\/p>\n\n\n\n<figure class=\"wp-block-image\"><a class=\"opacity-100\" href=\"https:\/\/ccc.edukasoftware.com\/documents\/_images\/14492\/1696822545-image.png\"><img decoding=\"async\" src=\"https:\/\/ccc.edukasoftware.com\/documents\/_images\/14492\/1696822545-image.png\" alt=\"\"\/><\/a><\/figure>\n\n\n\n<p>Vous recevrez ainsi sous 5 minutes un message d&rsquo;activation aux adresses e-mail saisies. Une fois que vous avez re\u00e7u l&rsquo;e-mail d&rsquo;activation, veuillez cliquer sur le lien contenu dans l&rsquo;e-mail:&nbsp;<\/p>\n\n\n\n<figure class=\"wp-block-image\"><a class=\"opacity-100\" href=\"https:\/\/ccc.edukasoftware.com\/documents\/_images\/14492\/1696822799-image.png\"><img decoding=\"async\" src=\"https:\/\/ccc.edukasoftware.com\/documents\/_images\/14492\/1696822799-image.png\" alt=\"\"\/><\/a><\/figure>\n\n\n\n<p>Lorsque vous cliquez sur le lien contenu dans l&rsquo;e-mail, un message de confirmation apparait:<\/p>\n\n\n\n<figure class=\"wp-block-image\"><a class=\"opacity-100\" href=\"https:\/\/ccc.edukasoftware.com\/documents\/_images\/14492\/1696822900-image.png\"><img decoding=\"async\" src=\"https:\/\/ccc.edukasoftware.com\/documents\/_images\/14492\/1696822900-image.png\" alt=\"\"\/><\/a><\/figure>\n\n\n\n<p>D\u00e8s lors, votre compte est activ\u00e9, vous pouvez vous y connecter.<\/p>\n\n\n\n<h2 class=\"wp-block-heading is-style-edk-h-underline\">3. Connexion avec votre nouveau compte<\/h2>\n\n\n\n<p>Une fois votre compte activ\u00e9, il ne vous reste plus qu&rsquo;\u00e0 retourner \u00e0 l&rsquo;\u00e9cran de connexion (cliquez sur le bouton Connexion). Vous \u00eates invit\u00e9(e) \u00e0 saisir votre adresse e-mail et votre mot de passe, puis cliquez sur le bouton pour vous connecter:<\/p>\n\n\n\n<figure class=\"wp-block-image\"><a class=\"opacity-100\" href=\"https:\/\/ccc.edukasoftware.com\/documents\/_images\/14492\/1696822967-image.png\"><img decoding=\"async\" src=\"https:\/\/ccc.edukasoftware.com\/documents\/_images\/14492\/1696822967-image.png\" alt=\"\"\/><\/a><\/figure>\n\n\n\n<p>Bienvenue sur la plateforme de l&rsquo;\u00e9cole: vous \u00eates d\u00e9sormais connect\u00e9(e) avec un profil de Nouveau parent. Il ne vous reste plus qu&rsquo;\u00e0 cliquer sur l&rsquo;ic\u00f4ne concern\u00e9e pour effectuer l&rsquo;inscription de vos enfants.<\/p>\n\n\n\n<figure class=\"wp-block-image\"><a class=\"opacity-100\" href=\"https:\/\/ccc.edukasoftware.com\/documents\/_images\/14492\/1696823153-image.png\"><img decoding=\"async\" src=\"https:\/\/ccc.edukasoftware.com\/documents\/_images\/14492\/1696823153-image.png\" alt=\"\"\/><\/a><\/figure>\n","protected":false},"excerpt":{"rendered":"<p>\u26a0\ufe0f Pour acc\u00e9der \u00e0 la plateforme de votre \u00e9cole, vous aurez besoin de l\u2019URL correcte \u2013 si vous ne l\u2019avez pas, veuillez v\u00e9rifier vos e-mails ou contacter votre \u00e9cole.Les \u00e9tapes suivantes d\u00e9taillent le processus de cr\u00e9ation de compte sur la plateforme Eduka de votre \u00e9cole, qui est distinct de ce site. 1. Formulaire de cr\u00e9ation [&hellip;]<\/p>\n","protected":false},"author":2,"featured_media":7815,"parent":0,"menu_order":0,"comment_status":"closed","ping_status":"closed","template":"","meta":{"_acf_changed":false,"footnotes":""},"class_list":["post-10522","page","type-page","status-publish","has-post-thumbnail","hentry"],"acf":[],"yoast_head":"<!-- This site is optimized with the Yoast SEO plugin v27.6 - https:\/\/yoast.com\/product\/yoast-seo-wordpress\/ -->\n<title>Comment se connecter \u00e0 la plateforme Eduka de votre \u00e9cole - Eduka Software<\/title>\n<meta name=\"description\" content=\"Guide \u00e9tape par \u00e9tape pour les parents et tuteurs afin de se connecter \u00e0 la plateforme Eduka de leur \u00e9cole et acc\u00e9der aux services en ligne.\" \/>\n<meta name=\"robots\" content=\"index, follow, max-snippet:-1, max-image-preview:large, max-video-preview:-1\" \/>\n<link rel=\"canonical\" href=\"https:\/\/www.edukasoftware.com\/how-to-log-in-to-your-schools-eduka-platform\/\" \/>\n<meta property=\"og:locale\" content=\"fr_FR\" \/>\n<meta property=\"og:type\" content=\"article\" \/>\n<meta property=\"og:title\" content=\"Comment se connecter \u00e0 la plateforme Eduka de votre \u00e9cole - Eduka Software\" \/>\n<meta property=\"og:description\" content=\"Guide \u00e9tape par \u00e9tape pour les parents et tuteurs afin de se connecter \u00e0 la plateforme Eduka de leur \u00e9cole et acc\u00e9der aux services en ligne.\" \/>\n<meta property=\"og:url\" content=\"https:\/\/www.edukasoftware.com\/how-to-log-in-to-your-schools-eduka-platform\/\" \/>\n<meta property=\"og:site_name\" content=\"Eduka Software\" \/>\n<meta property=\"article:modified_time\" content=\"2025-09-24T11:09:26+00:00\" \/>\n<meta property=\"og:image\" content=\"https:\/\/www.edukasoftware.com\/wp-content\/uploads\/2024\/11\/98uf91.jpg\" \/>\n\t<meta property=\"og:image:width\" content=\"1260\" \/>\n\t<meta property=\"og:image:height\" content=\"540\" \/>\n\t<meta property=\"og:image:type\" content=\"image\/jpeg\" \/>\n<meta name=\"twitter:card\" content=\"summary_large_image\" \/>\n<script type=\"application\/ld+json\" class=\"yoast-schema-graph\">{\"@context\":\"https:\\\/\\\/schema.org\",\"@graph\":[{\"@type\":\"WebPage\",\"@id\":\"https:\\\/\\\/www.edukasoftware.com\\\/how-to-log-in-to-your-schools-eduka-platform\\\/\",\"url\":\"https:\\\/\\\/www.edukasoftware.com\\\/how-to-log-in-to-your-schools-eduka-platform\\\/\",\"name\":\"Comment se connecter \u00e0 la plateforme Eduka de votre \u00e9cole - Eduka Software\",\"isPartOf\":{\"@id\":\"https:\\\/\\\/www.edukasoftware.com\\\/fr\\\/#website\"},\"primaryImageOfPage\":{\"@id\":\"https:\\\/\\\/www.edukasoftware.com\\\/how-to-log-in-to-your-schools-eduka-platform\\\/#primaryimage\"},\"image\":{\"@id\":\"https:\\\/\\\/www.edukasoftware.com\\\/how-to-log-in-to-your-schools-eduka-platform\\\/#primaryimage\"},\"thumbnailUrl\":\"https:\\\/\\\/www.edukasoftware.com\\\/wp-content\\\/uploads\\\/2024\\\/11\\\/98uf91.jpg\",\"datePublished\":\"2025-09-23T14:01:31+00:00\",\"dateModified\":\"2025-09-24T11:09:26+00:00\",\"description\":\"Guide \u00e9tape par \u00e9tape pour les parents et tuteurs afin de se connecter \u00e0 la plateforme Eduka de leur \u00e9cole et acc\u00e9der aux services en ligne.\",\"breadcrumb\":{\"@id\":\"https:\\\/\\\/www.edukasoftware.com\\\/how-to-log-in-to-your-schools-eduka-platform\\\/#breadcrumb\"},\"inLanguage\":\"fr-FR\",\"potentialAction\":[{\"@type\":\"ReadAction\",\"target\":[\"https:\\\/\\\/www.edukasoftware.com\\\/how-to-log-in-to-your-schools-eduka-platform\\\/\"]}]},{\"@type\":\"ImageObject\",\"inLanguage\":\"fr-FR\",\"@id\":\"https:\\\/\\\/www.edukasoftware.com\\\/how-to-log-in-to-your-schools-eduka-platform\\\/#primaryimage\",\"url\":\"https:\\\/\\\/www.edukasoftware.com\\\/wp-content\\\/uploads\\\/2024\\\/11\\\/98uf91.jpg\",\"contentUrl\":\"https:\\\/\\\/www.edukasoftware.com\\\/wp-content\\\/uploads\\\/2024\\\/11\\\/98uf91.jpg\",\"width\":1260,\"height\":540},{\"@type\":\"BreadcrumbList\",\"@id\":\"https:\\\/\\\/www.edukasoftware.com\\\/how-to-log-in-to-your-schools-eduka-platform\\\/#breadcrumb\",\"itemListElement\":[{\"@type\":\"ListItem\",\"position\":1,\"name\":\"Home\",\"item\":\"https:\\\/\\\/www.edukasoftware.com\\\/fr\\\/\"},{\"@type\":\"ListItem\",\"position\":2,\"name\":\"Comment se connecter \u00e0 la plateforme Eduka de votre \u00e9cole\"}]},{\"@type\":\"WebSite\",\"@id\":\"https:\\\/\\\/www.edukasoftware.com\\\/fr\\\/#website\",\"url\":\"https:\\\/\\\/www.edukasoftware.com\\\/fr\\\/\",\"name\":\"Eduka Software\",\"description\":\"Solutions innovantes pour des \u00e9coles modernes\",\"publisher\":{\"@id\":\"https:\\\/\\\/www.edukasoftware.com\\\/fr\\\/#organization\"},\"alternateName\":\"Eduka\",\"potentialAction\":[{\"@type\":\"SearchAction\",\"target\":{\"@type\":\"EntryPoint\",\"urlTemplate\":\"https:\\\/\\\/www.edukasoftware.com\\\/fr\\\/?s={search_term_string}\"},\"query-input\":{\"@type\":\"PropertyValueSpecification\",\"valueRequired\":true,\"valueName\":\"search_term_string\"}}],\"inLanguage\":\"fr-FR\"},{\"@type\":\"Organization\",\"@id\":\"https:\\\/\\\/www.edukasoftware.com\\\/fr\\\/#organization\",\"name\":\"Eduka Software\",\"url\":\"https:\\\/\\\/www.edukasoftware.com\\\/fr\\\/\",\"logo\":{\"@type\":\"ImageObject\",\"inLanguage\":\"fr-FR\",\"@id\":\"https:\\\/\\\/www.edukasoftware.com\\\/fr\\\/#\\\/schema\\\/logo\\\/image\\\/\",\"url\":\"https:\\\/\\\/www.edukasoftware.com\\\/wp-content\\\/uploads\\\/2024\\\/11\\\/Logo-EDUKA-Square.png\",\"contentUrl\":\"https:\\\/\\\/www.edukasoftware.com\\\/wp-content\\\/uploads\\\/2024\\\/11\\\/Logo-EDUKA-Square.png\",\"width\":100,\"height\":100,\"caption\":\"Eduka Software\"},\"image\":{\"@id\":\"https:\\\/\\\/www.edukasoftware.com\\\/fr\\\/#\\\/schema\\\/logo\\\/image\\\/\"}}]}<\/script>\n<!-- \/ Yoast SEO plugin. -->","yoast_head_json":{"title":"Comment se connecter \u00e0 la plateforme Eduka de votre \u00e9cole - Eduka Software","description":"Guide \u00e9tape par \u00e9tape pour les parents et tuteurs afin de se connecter \u00e0 la plateforme Eduka de leur \u00e9cole et acc\u00e9der aux services en ligne.","robots":{"index":"index","follow":"follow","max-snippet":"max-snippet:-1","max-image-preview":"max-image-preview:large","max-video-preview":"max-video-preview:-1"},"canonical":"https:\/\/www.edukasoftware.com\/how-to-log-in-to-your-schools-eduka-platform\/","og_locale":"fr_FR","og_type":"article","og_title":"Comment se connecter \u00e0 la plateforme Eduka de votre \u00e9cole - Eduka Software","og_description":"Guide \u00e9tape par \u00e9tape pour les parents et tuteurs afin de se connecter \u00e0 la plateforme Eduka de leur \u00e9cole et acc\u00e9der aux services en ligne.","og_url":"https:\/\/www.edukasoftware.com\/how-to-log-in-to-your-schools-eduka-platform\/","og_site_name":"Eduka Software","article_modified_time":"2025-09-24T11:09:26+00:00","og_image":[{"width":1260,"height":540,"url":"https:\/\/www.edukasoftware.com\/wp-content\/uploads\/2024\/11\/98uf91.jpg","type":"image\/jpeg"}],"twitter_card":"summary_large_image","schema":{"@context":"https:\/\/schema.org","@graph":[{"@type":"WebPage","@id":"https:\/\/www.edukasoftware.com\/how-to-log-in-to-your-schools-eduka-platform\/","url":"https:\/\/www.edukasoftware.com\/how-to-log-in-to-your-schools-eduka-platform\/","name":"Comment se connecter \u00e0 la plateforme Eduka de votre \u00e9cole - Eduka Software","isPartOf":{"@id":"https:\/\/www.edukasoftware.com\/fr\/#website"},"primaryImageOfPage":{"@id":"https:\/\/www.edukasoftware.com\/how-to-log-in-to-your-schools-eduka-platform\/#primaryimage"},"image":{"@id":"https:\/\/www.edukasoftware.com\/how-to-log-in-to-your-schools-eduka-platform\/#primaryimage"},"thumbnailUrl":"https:\/\/www.edukasoftware.com\/wp-content\/uploads\/2024\/11\/98uf91.jpg","datePublished":"2025-09-23T14:01:31+00:00","dateModified":"2025-09-24T11:09:26+00:00","description":"Guide \u00e9tape par \u00e9tape pour les parents et tuteurs afin de se connecter \u00e0 la plateforme Eduka de leur \u00e9cole et acc\u00e9der aux services en ligne.","breadcrumb":{"@id":"https:\/\/www.edukasoftware.com\/how-to-log-in-to-your-schools-eduka-platform\/#breadcrumb"},"inLanguage":"fr-FR","potentialAction":[{"@type":"ReadAction","target":["https:\/\/www.edukasoftware.com\/how-to-log-in-to-your-schools-eduka-platform\/"]}]},{"@type":"ImageObject","inLanguage":"fr-FR","@id":"https:\/\/www.edukasoftware.com\/how-to-log-in-to-your-schools-eduka-platform\/#primaryimage","url":"https:\/\/www.edukasoftware.com\/wp-content\/uploads\/2024\/11\/98uf91.jpg","contentUrl":"https:\/\/www.edukasoftware.com\/wp-content\/uploads\/2024\/11\/98uf91.jpg","width":1260,"height":540},{"@type":"BreadcrumbList","@id":"https:\/\/www.edukasoftware.com\/how-to-log-in-to-your-schools-eduka-platform\/#breadcrumb","itemListElement":[{"@type":"ListItem","position":1,"name":"Home","item":"https:\/\/www.edukasoftware.com\/fr\/"},{"@type":"ListItem","position":2,"name":"Comment se connecter \u00e0 la plateforme Eduka de votre \u00e9cole"}]},{"@type":"WebSite","@id":"https:\/\/www.edukasoftware.com\/fr\/#website","url":"https:\/\/www.edukasoftware.com\/fr\/","name":"Eduka Software","description":"Solutions innovantes pour des \u00e9coles modernes","publisher":{"@id":"https:\/\/www.edukasoftware.com\/fr\/#organization"},"alternateName":"Eduka","potentialAction":[{"@type":"SearchAction","target":{"@type":"EntryPoint","urlTemplate":"https:\/\/www.edukasoftware.com\/fr\/?s={search_term_string}"},"query-input":{"@type":"PropertyValueSpecification","valueRequired":true,"valueName":"search_term_string"}}],"inLanguage":"fr-FR"},{"@type":"Organization","@id":"https:\/\/www.edukasoftware.com\/fr\/#organization","name":"Eduka Software","url":"https:\/\/www.edukasoftware.com\/fr\/","logo":{"@type":"ImageObject","inLanguage":"fr-FR","@id":"https:\/\/www.edukasoftware.com\/fr\/#\/schema\/logo\/image\/","url":"https:\/\/www.edukasoftware.com\/wp-content\/uploads\/2024\/11\/Logo-EDUKA-Square.png","contentUrl":"https:\/\/www.edukasoftware.com\/wp-content\/uploads\/2024\/11\/Logo-EDUKA-Square.png","width":100,"height":100,"caption":"Eduka Software"},"image":{"@id":"https:\/\/www.edukasoftware.com\/fr\/#\/schema\/logo\/image\/"}}]}},"_links":{"self":[{"href":"https:\/\/www.edukasoftware.com\/fr\/wp-json\/wp\/v2\/pages\/10522","targetHints":{"allow":["GET"]}}],"collection":[{"href":"https:\/\/www.edukasoftware.com\/fr\/wp-json\/wp\/v2\/pages"}],"about":[{"href":"https:\/\/www.edukasoftware.com\/fr\/wp-json\/wp\/v2\/types\/page"}],"author":[{"embeddable":true,"href":"https:\/\/www.edukasoftware.com\/fr\/wp-json\/wp\/v2\/users\/2"}],"replies":[{"embeddable":true,"href":"https:\/\/www.edukasoftware.com\/fr\/wp-json\/wp\/v2\/comments?post=10522"}],"version-history":[{"count":2,"href":"https:\/\/www.edukasoftware.com\/fr\/wp-json\/wp\/v2\/pages\/10522\/revisions"}],"predecessor-version":[{"id":10534,"href":"https:\/\/www.edukasoftware.com\/fr\/wp-json\/wp\/v2\/pages\/10522\/revisions\/10534"}],"wp:featuredmedia":[{"embeddable":true,"href":"https:\/\/www.edukasoftware.com\/fr\/wp-json\/wp\/v2\/media\/7815"}],"wp:attachment":[{"href":"https:\/\/www.edukasoftware.com\/fr\/wp-json\/wp\/v2\/media?parent=10522"}],"curies":[{"name":"wp","href":"https:\/\/api.w.org\/{rel}","templated":true}]}}